{"id":2,"date":"2021-02-01T21:44:30","date_gmt":"2021-02-01T20:44:30","guid":{"rendered":"http:\/\/chavilbus-music.com\/?page_id=2"},"modified":"2024-09-01T12:07:45","modified_gmt":"2024-09-01T10:07:45","slug":"page-d-exemple","status":"publish","type":"page","link":"https:\/\/chavilbus-music.com\/?page_id=2","title":{"rendered":"Le\u00e7ons de guitare"},"content":{"rendered":"<div class=\"wpb-content-wrapper\"><p>[vc_row][vc_column][vc_text_separator title=\u00a0\u00bb\u00a0\u00bb color=\u00a0\u00bbvista_blue\u00a0\u00bb border_width=\u00a0\u00bb6&Prime;][vc_row_inner][vc_column_inner width=\u00a0\u00bb1\/2&Prime;][vc_column_text]<\/p>\n<ul>\n<li style=\"text-align: center;\">des licks \u00e0 apprendre et \u00e0 int\u00e9grer dans vos impros, en g\u00e9n\u00e9ral trois grilles de difficult\u00e9 croissante<\/li>\n<li style=\"text-align: center;\">des transcriptions d&rsquo;intros ou de solos de grands standards<\/li>\n<\/ul>\n<p>[\/vc_column_text][\/vc_column_inner][vc_column_inner width=\u00a0\u00bb1\/2&Prime;][vc_column_text]<\/p>\n<ul>\n<li style=\"text-align: center;\">Chaque vid\u00e9o pr\u00e9sente le morceau \u00e0 vitesse normale, le ralenti avec Tablature et le backing track pour s&rsquo;entra\u00eener<\/li>\n<li style=\"text-align: center;\">La plupart des tablatures sont disponibles gratuitement en t\u00e9l\u00e9chargement<\/li>\n<\/ul>\n<p>[\/vc_column_text][\/vc_column_inner][\/vc_row_inner][vc_row_inner][vc_column_inner width=\u00a0\u00bb1\/4&Prime;][vc_raw_html]JTNDc2NyaXB0JTIwc3JjJTNEJTIyaHR0cHMlM0ElMkYlMkZhcGlzLmdvb2dsZS5jb20lMkZqcyUyRnBsYXRmb3JtLmpzJTIyJTNFJTNDJTJGc2NyaXB0JTNFJTBBJTBBJTNDZGl2JTIwY2xhc3MlM0QlMjJnLXl0c3Vic2NyaWJlJTIyJTIwZGF0YS1jaGFubmVsaWQlM0QlMjJVQ3ZVeUVHc1otM0QySWllUkdUd19yZEElMjIlMjBkYXRhLWxheW91dCUzRCUyMmZ1bGwlMjIlMjBkYXRhLWNvdW50JTNEJTIyaGlkZGVuJTIyJTNFJTNDJTJGZGl2JTNF[\/vc_raw_html][\/vc_column_inner][vc_column_inner width=\u00a0\u00bb3\/4&Prime;][vc_column_text css=\u00a0\u00bb.vc_custom_1624306818483{background-color: #9fe2bf !important;}\u00a0\u00bb]Abonnez vous \u00e0 la cha\u00eene pour suivre les nouvelles le\u00e7ons<\/p>\n<p>Tablatures en t\u00e9l\u00e9chargement sur la page d\u00e9di\u00e9e[\/vc_column_text][\/vc_column_inner][\/vc_row_inner][vc_text_separator title=\u00a0\u00bbLicks et Le\u00e7ons Rock, Blues Country Funk\u00a0\u00bb color=\u00a0\u00bbvista_blue\u00a0\u00bb border_width=\u00a0\u00bb6&Prime;][\/vc_column][\/vc_row][vc_row][vc_column][vc_text_separator title=\u00a0\u00bbIntros de classiques du blues et transciptions\u00a0\u00bb color=\u00a0\u00bbvista_blue\u00a0\u00bb border_width=\u00a0\u00bb6&Prime;][\/vc_column][\/vc_row]<\/p>\n<\/div>","protected":false},"excerpt":{"rendered":"<p>[vc_row][vc_column][vc_text_separator title=\u00a0\u00bb\u00a0\u00bb color=\u00a0\u00bbvista_blue\u00a0\u00bb border_width=\u00a0\u00bb6&Prime;][vc_row_inner][vc_column_inner width=\u00a0\u00bb1\/2&Prime;][vc_column_text] des licks \u00e0 apprendre et \u00e0 int\u00e9grer dans vos impros, en g\u00e9n\u00e9ral trois grilles de difficult\u00e9 croissante des transcriptions d&rsquo;intros ou de solos de grands standards [\/vc_column_text][\/vc_column_inner][vc_column_inner width=\u00a0\u00bb1\/2&Prime;][vc_column_text] Chaque vid\u00e9o pr\u00e9sente le morceau \u00e0 vitesse&#8230;<\/p>\n","protected":false},"author":1,"featured_media":0,"parent":0,"menu_order":0,"comment_status":"closed","ping_status":"open","template":"","meta":{"footnotes":""},"class_list":["post-2","page","type-page","status-publish","hentry"],"_links":{"self":[{"href":"https:\/\/chavilbus-music.com\/index.php?rest_route=\/wp\/v2\/pages\/2","targetHints":{"allow":["GET"]}}],"collection":[{"href":"https:\/\/chavilbus-music.com\/index.php?rest_route=\/wp\/v2\/pages"}],"about":[{"href":"https:\/\/chavilbus-music.com\/index.php?rest_route=\/wp\/v2\/types\/page"}],"author":[{"embeddable":true,"href":"https:\/\/chavilbus-music.com\/index.php?rest_route=\/wp\/v2\/users\/1"}],"replies":[{"embeddable":true,"href":"https:\/\/chavilbus-music.com\/index.php?rest_route=%2Fwp%2Fv2%2Fcomments&post=2"}],"version-history":[{"count":46,"href":"https:\/\/chavilbus-music.com\/index.php?rest_route=\/wp\/v2\/pages\/2\/revisions"}],"predecessor-version":[{"id":3161,"href":"https:\/\/chavilbus-music.com\/index.php?rest_route=\/wp\/v2\/pages\/2\/revisions\/3161"}],"wp:attachment":[{"href":"https:\/\/chavilbus-music.com\/index.php?rest_route=%2Fwp%2Fv2%2Fmedia&parent=2"}],"curies":[{"name":"wp","href":"https:\/\/api.w.org\/{rel}","templated":true}]}}